{"id":129,"date":"2012-04-23T09:43:57","date_gmt":"2012-04-23T09:43:57","guid":{"rendered":"http:\/\/hoennige.lima-city.de\/?page_id=129"},"modified":"2026-02-16T09:29:10","modified_gmt":"2026-02-16T09:29:10","slug":"about-me","status":"publish","type":"page","link":"https:\/\/www.regelwerk-bmftr.de\/","title":{"rendered":"RegelWerk@BMFTR"},"content":{"rendered":"\n<h2 class=\"wp-block-heading\">BMFTR Collaborative Research Group<\/h2>\n\n\n\n<h2 class=\"wp-block-heading\">BMFTR Forschungsgruppe<\/h2>\n\n\n\n<div class=\"wp-block-columns is-layout-flex wp-container-core-columns-is-layout-28f84493 wp-block-columns-is-layout-flex\">\n<div class=\"wp-block-column is-layout-flow wp-block-column-is-layout-flow\" style=\"flex-basis:100%\">\n<div class=\"wp-block-columns is-layout-flex wp-container-core-columns-is-layout-28f84493 wp-block-columns-is-layout-flex\">\n<div class=\"wp-block-column is-layout-flow wp-block-column-is-layout-flow\">\n<figure class=\"wp-block-image size-large is-resized\"><a href=\"http:\/\/www.regelwerk-bmftr.de\/wp-content\/uploads\/2026\/02\/Bildschirmfoto-2026-02-10-um-09.55.33-scaled.png\"><img loading=\"lazy\" decoding=\"async\" width=\"1024\" height=\"427\" src=\"http:\/\/www.regelwerk-bmftr.de\/wp-content\/uploads\/2026\/02\/Bildschirmfoto-2026-02-10-um-09.55.33-1024x427.png\" alt=\"\" class=\"wp-image-1104\" style=\"aspect-ratio:2.3982474345670473;width:269px;height:auto\" srcset=\"https:\/\/www.regelwerk-bmftr.de\/wp-content\/uploads\/2026\/02\/Bildschirmfoto-2026-02-10-um-09.55.33-1024x427.png 1024w, https:\/\/www.regelwerk-bmftr.de\/wp-content\/uploads\/2026\/02\/Bildschirmfoto-2026-02-10-um-09.55.33-300x125.png 300w, https:\/\/www.regelwerk-bmftr.de\/wp-content\/uploads\/2026\/02\/Bildschirmfoto-2026-02-10-um-09.55.33-768x320.png 768w, https:\/\/www.regelwerk-bmftr.de\/wp-content\/uploads\/2026\/02\/Bildschirmfoto-2026-02-10-um-09.55.33-1536x641.png 1536w, https:\/\/www.regelwerk-bmftr.de\/wp-content\/uploads\/2026\/02\/Bildschirmfoto-2026-02-10-um-09.55.33-2048x854.png 2048w\" sizes=\"auto, (max-width: 1024px) 100vw, 1024px\" \/><\/a><\/figure>\n<\/div>\n\n\n\n<div class=\"wp-block-column is-layout-flow wp-block-column-is-layout-flow\">\n<figure class=\"wp-block-image size-full\"><a href=\"https:\/\/www.regelwerk-bmftr.de\/wp-content\/uploads\/2026\/02\/BMFTR_Logo.png\"><img loading=\"lazy\" decoding=\"async\" width=\"330\" height=\"171\" src=\"https:\/\/www.regelwerk-bmftr.de\/wp-content\/uploads\/2026\/02\/BMFTR_Logo.png\" alt=\"\" class=\"wp-image-1117\" srcset=\"https:\/\/www.regelwerk-bmftr.de\/wp-content\/uploads\/2026\/02\/BMFTR_Logo.png 330w, https:\/\/www.regelwerk-bmftr.de\/wp-content\/uploads\/2026\/02\/BMFTR_Logo-300x155.png 300w\" sizes=\"auto, (max-width: 330px) 100vw, 330px\" \/><\/a><\/figure>\n<\/div>\n<\/div>\n<\/div>\n<\/div>\n\n\n\n<h3 class=\"wp-block-heading\">RULES AND COMMITMENT &#8211; WHAT DO THEY ACHIEVE?<\/h3>\n\n\n\n<h4 class=\"wp-block-heading\">2025-2029<\/h4>\n\n\n\n<p>The RegelWerk research group investigates the factors influencing academic success at the level of designing institutional frameworks for studies, as defined by admission criteria and rules in study and examination regulations. Within the framework of substantial university autonomy in Germany, higher education institutions can control the commitment level of studies by shaping these regulations (H\u00f6nnige et al., 2024). They essentially have three options: (1) through admission criteria, (2) through counseling services, for instance, whether only general academic advising is offered or whether it is specific and mandatory for groups with particular advising needs, (3) through examination rules, such as setting minimum credit requirements, limits on the number of examination attempts, and rules for registering and deregistering for exams. The central research questions of RegelWerk are: Which specific regulations contribute to greater commitment in studies? How does the commitment inherent in the admission, counseling, and examination rules influence academic success? The findings will be used to derive concrete recommendations for higher education policy and practice. The RegelWerk research group consists of scientists from economics, sociology, political science, and computer science. To empirically answer these questions, data on selection procedures, as well as counseling and examination rules at the university and program levels, and individual data at the applicant\/student level are required. RegelWerk will utilize and integrate various data sources.<\/p>\n\n\n\n<p>Principal Investigators<\/p>\n\n\n\n<p><a href=\"https:\/\/www.rwi-essen.de\/rwi\/team\/person\/kerstin-schneider\" target=\"_blank\" rel=\"noreferrer noopener\">Prof. Dr. Kerstin Schneider<\/a><\/p>\n\n\n\n<p><a href=\"https:\/\/www.ipw.uni-hannover.de\/institut\/arbeitsbereiche\/vergleichende-regierungslehre-und-politisches-system-deutschlands-comparative-and-german-politics\/working-group-team\">Prof. Dr. Christoph H\u00f6nnige<\/a><\/p>\n\n\n\n<p><a href=\"https:\/\/www.ish.uni-hannover.de\/jungbauer-gans\">Prof Dr. Monika Jungbauer-Gans<\/a><\/p>\n\n\n\n<p><a href=\"https:\/\/dbs.cs.uni-duesseldorf.de\/mitarbeiter.php?id=conrad\" target=\"_blank\" rel=\"noreferrer noopener\">Prof Dr. Stefan Conrad<\/a><\/p>\n\n\n\n<p><\/p>\n\n\n\n<p><\/p>\n\n\n\n<h3 class=\"wp-block-heading\">REGELN UND VERBINDLICHKEIT IM STUDIUM \u2013 WAS BEWIRKEN SIE?<\/h3>\n\n\n\n<h4 class=\"wp-block-heading\">2025-2029<\/h4>\n\n\n<div class=\"c-headline__equalizer\" data-mh=\"ce-headline-213450\">Die Forschungsgruppe RegelWerk bringt breite disziplin\u00e4re Expertise aus der \u00d6konomie, Soziologie, Politikwissenschaft und Informatik ein, um Bedingungsfaktoren f\u00fcr Studienerfolg auf der Ebene der Gestaltung der institutionellen Rahmenbedingungen f\u00fcr ein Studium, wie sie durch Zulassungskriterien sowie Regeln der Studien- und Pr\u00fcfungsordnungen definiert werden, besser zu verstehen und daraus Handlungsempfehlungen f\u00fcr die Hochschulpolitik abzuleiten. Im Rahmen der weitgehenden Hochschulautonomie in Deutschland k\u00f6nnen Hochschulen durch Gestaltung der Regelungen die Verbindlichkeit des Studiums steuern (H\u00f6nnige et al., 2024). Dazu haben Sie grunds\u00e4tzlich drei M\u00f6glichkeiten: (1) Durch Zulassungskriterien. (2) Durch Beratungsangebote, ob z.B. nur eine allgemeine Studienberatung angeboten wird oder spezifisch f\u00fcr Gruppen mit besonderem Beratungsbedarf. (3) Durch Pr\u00fcfungsregeln, beispielsweise eine Vorgabe von Mindestleistungspunkten, Zahl von Pr\u00fcfungsversuchen und An- und Abmeldemodalit\u00e4ten zu Pr\u00fcfungen.<\/div>\n<div class=\"c-text-media \">\n<div class=\"c-text-media__text\">\n<p>Die leitenden Forschungsfragen von RegelWerk sind: Welche konkreten Regelungen tragen zu mehr Verbindlichkeit im Studium bei? Wie beeinflusst die Verbindlichkeit der Zulassungs-, Beratungs- und Pr\u00fcfungsregeln den Studienerfolg?<\/p>\n<p>Zur empirischen Beantwortung dieser Fragestellungen sind Daten zu den Auswahlverfahren und den Beratungs- und Pr\u00fcfungsregeln im Studium auf Ebene der Hochschulen und der Studieng\u00e4nge sowie Individualdaten auf Ebene der Bewerber*innen\/Studierenden erforderlich. RegelWerk wird auf unterschiedliche Datenquellen zur\u00fcckgreifen und diese miteinander verbinden. Eine erste Datenquelle sind Informationen der Stiftung f\u00fcr Hochschulzulassung. Im Auftrag der Bundesl\u00e4nder werden hier zentral die Studienpl\u00e4tze f\u00fcr die bundesweit zulassungsbeschr\u00e4nkten Studieng\u00e4nge Humanmedizin, Tiermedizin, Zahnmedizin und Pharmazie vergeben. Au\u00dferdem wird im Auftrag der Hochschulen auch die Vergabe von \u00fcber 1.700 \u00f6rtlich zulassungsbeschr\u00e4nkten sowie zulassungsfreien Studieng\u00e4ngen an 160 Hochschul-Standorten koordiniert. Eine zweite Informationsquelle sind die Pr\u00fcfungsordnungen, die durch auf maschinellem Lernen basierenden Textanalysen ausgewertet werden. Drittens werden Informationen zu den Regeln im Studium durch einen Survey an den Fachbereichen erfasst. Die Daten zu Zulassungs- und Studienregeln werden aufbereitet und f\u00fcr die Analysen mit anderen Datenquellen zu den verschiedenen Phasen des Studiums verkn\u00fcpft. Der so entstandene Datensatz wird dann unter verschiedenen Fragestellungen ausgewertet.<\/p>\n<p>Teilprojektleiter<\/p>\n<p><a href=\"https:\/\/www.rwi-essen.de\/rwi\/team\/person\/kerstin-schneider\" target=\"_blank\" rel=\"noopener noreferrer\">Prof. Dr. Kerstin Schneider<\/a><\/p>\n<p><a href=\"https:\/\/www.ipw.uni-hannover.de\/institut\/arbeitsbereiche\/vergleichende-regierungslehre-und-politisches-system-deutschlands-comparative-and-german-politics\/working-group-team\">Prof. Dr. Christoph H\u00f6nnige<\/a><\/p>\n<p><a href=\"https:\/\/www.ish.uni-hannover.de\/jungbauer-gans\">Prof Dr. Monika Jungbauer-Gans<\/a><\/p>\n<p><a href=\"https:\/\/dbs.cs.uni-duesseldorf.de\/mitarbeiter.php?id=conrad\" target=\"_blank\" rel=\"noopener noreferrer\">Prof Dr. Stefan Conrad<\/a><\/p>\n<\/div>\n<\/div>\n<p>&nbsp;<\/p>","protected":false},"excerpt":{"rendered":"<p>BMFTR Collaborative Research Group BMFTR Forschungsgruppe RULES AND COMMITMENT &#8211; WHAT DO THEY ACHIEVE? 2025-2029 The RegelWerk research group investigates the factors influencing academic success at the level of designing institutional frameworks for studies, as defined by admission criteria and rules in study and examination regulations. Within the framework of substantial university autonomy in Germany, [&hellip;]<\/p>\n","protected":false},"author":1,"featured_media":0,"parent":0,"menu_order":0,"comment_status":"closed","ping_status":"closed","template":"","meta":{"footnotes":""},"class_list":["post-129","page","type-page","status-publish","hentry"],"_links":{"self":[{"href":"https:\/\/www.regelwerk-bmftr.de\/index.php?rest_route=\/wp\/v2\/pages\/129","targetHints":{"allow":["GET"]}}],"collection":[{"href":"https:\/\/www.regelwerk-bmftr.de\/index.php?rest_route=\/wp\/v2\/pages"}],"about":[{"href":"https:\/\/www.regelwerk-bmftr.de\/index.php?rest_route=\/wp\/v2\/types\/page"}],"author":[{"embeddable":true,"href":"https:\/\/www.regelwerk-bmftr.de\/index.php?rest_route=\/wp\/v2\/users\/1"}],"replies":[{"embeddable":true,"href":"https:\/\/www.regelwerk-bmftr.de\/index.php?rest_route=%2Fwp%2Fv2%2Fcomments&post=129"}],"version-history":[{"count":41,"href":"https:\/\/www.regelwerk-bmftr.de\/index.php?rest_route=\/wp\/v2\/pages\/129\/revisions"}],"predecessor-version":[{"id":1285,"href":"https:\/\/www.regelwerk-bmftr.de\/index.php?rest_route=\/wp\/v2\/pages\/129\/revisions\/1285"}],"wp:attachment":[{"href":"https:\/\/www.regelwerk-bmftr.de\/index.php?rest_route=%2Fwp%2Fv2%2Fmedia&parent=129"}],"curies":[{"name":"wp","href":"https:\/\/api.w.org\/{rel}","templated":true}]}}